{"id":47,"date":"2020-09-27T20:33:42","date_gmt":"2020-09-27T18:33:42","guid":{"rendered":"http:\/\/mecasky.fr\/?page_id=47"},"modified":"2024-10-22T14:06:58","modified_gmt":"2024-10-22T12:06:58","slug":"achats-ventes","status":"publish","type":"page","link":"https:\/\/mecasky.fr\/index.php\/accueil\/achats-ventes\/","title":{"rendered":"Achats &#038; Ventes"},"content":{"rendered":"\t\t<div data-elementor-type=\"wp-page\" data-elementor-id=\"47\" class=\"elementor elementor-47\">\n\t\t\t\t\t\t<div class=\"elementor-inner\">\n\t\t\t\t<div class=\"elementor-section-wrap\">\n\t\t\t\t\t\t\t\t\t<section class=\"elementor-section elementor-top-section elementor-element elementor-element-0208814 elementor-section-boxed elementor-section-height-default elementor-section-height-default\" data-id=\"0208814\" data-element_type=\"section\">\n\t\t\t\t\t\t<div class=\"elementor-container elementor-column-gap-default\">\n\t\t\t\t\t\t\t<div class=\"elementor-row\">\n\t\t\t\t\t<div class=\"elementor-column elementor-col-100 elementor-top-column elementor-element elementor-element-a69dd3f\" data-id=\"a69dd3f\" data-element_type=\"column\">\n\t\t\t<div class=\"elementor-column-wrap elementor-element-populated\">\n\t\t\t\t\t\t\t<div class=\"elementor-widget-wrap\">\n\t\t\t\t\t\t<div class=\"elementor-element elementor-element-27936a0 elementor-widget elementor-widget-text-editor\" data-id=\"27936a0\" data-element_type=\"widget\" data-widget_type=\"text-editor.default\">\n\t\t\t\t<div class=\"elementor-widget-container\">\n\t\t\t\t\t\t\t\t<div class=\"elementor-text-editor elementor-clearfix\">\n\t\t\t\t<p style=\"text-align: center; line-height: 16.5pt; background: white; margin: 0cm 0cm 7.5pt 0cm;\">Nous proposons d&rsquo;effectuer la visite avant achat, classification fran\u00e7aise en F-XXXX et autre.<\/p>\t\t\t\t\t<\/div>\n\t\t\t\t\t\t<\/div>\n\t\t\t\t<\/div>\n\t\t\t\t<section class=\"elementor-section elementor-inner-section elementor-element elementor-element-4eeb7ad elementor-section-boxed elementor-section-height-default elementor-section-height-default\" data-id=\"4eeb7ad\" data-element_type=\"section\">\n\t\t\t\t\t\t<div class=\"elementor-container elementor-column-gap-default\">\n\t\t\t\t\t\t\t<div class=\"elementor-row\">\n\t\t\t\t\t<div class=\"elementor-column elementor-col-50 elementor-inner-column elementor-element elementor-element-4ab6161\" data-id=\"4ab6161\" data-element_type=\"column\">\n\t\t\t<div class=\"elementor-column-wrap elementor-element-populated\">\n\t\t\t\t\t\t\t<div class=\"elementor-widget-wrap\">\n\t\t\t\t\t\t<div class=\"elementor-element elementor-element-828ec78 elementor-widget elementor-widget-heading\" data-id=\"828ec78\" data-element_type=\"widget\" data-widget_type=\"heading.default\">\n\t\t\t\t<div class=\"elementor-widget-container\">\n\t\t\t<h2 class=\"elementor-heading-title elementor-size-default\">CIRRUS SR22 g\u00e9n\u00e9ration 2 \u00e0 vendre<\/h2>\t\t<\/div>\n\t\t\t\t<\/div>\n\t\t\t\t<div class=\"elementor-element elementor-element-3196ef6 elementor-widget elementor-widget-text-editor\" data-id=\"3196ef6\" data-element_type=\"widget\" data-widget_type=\"text-editor.default\">\n\t\t\t\t<div class=\"elementor-widget-container\">\n\t\t\t\t\t\t\t\t<div class=\"elementor-text-editor elementor-clearfix\">\n\t\t\t\t<p>Avionics\u00a0\u00a0\u00a0 Avidyne Entegra<br \/>Year\u00a0\u00a0\u00a0 2005 \/ August<br \/>Hours\u00a0\u00a0\u00a0 2191 HTT Cellule<br \/>1179 HRG Engine (07\/2013)<br \/>60 HTT Propeller (New)<br \/>Tail no\u00a0\u00a0\u00a0 F-GZMS<br \/>Serial\u00a0\u00a0\u00a0 1565<\/p><p>Price\u00a0\u00a0\u00a0 \u20ac 285.000 HT<\/p>\t\t\t\t\t<\/div>\n\t\t\t\t\t\t<\/div>\n\t\t\t\t<\/div>\n\t\t\t\t\t\t<\/div>\n\t\t\t\t\t<\/div>\n\t\t<\/div>\n\t\t\t\t<div class=\"elementor-column elementor-col-50 elementor-inner-column elementor-element elementor-element-87a2dc6 elementor-invisible\" data-id=\"87a2dc6\" data-element_type=\"column\" data-settings=\"{&quot;background_background&quot;:&quot;slideshow&quot;,&quot;background_slideshow_gallery&quot;:[{&quot;id&quot;:494,&quot;url&quot;:&quot;http:\\\/\\\/mecasky.fr\\\/wp-content\\\/uploads\\\/2022\\\/12\\\/IMG_20221208_113326-scaled.jpg&quot;},{&quot;id&quot;:488,&quot;url&quot;:&quot;http:\\\/\\\/mecasky.fr\\\/wp-content\\\/uploads\\\/2022\\\/12\\\/IMG_20221208_113544-scaled.jpg&quot;},{&quot;id&quot;:487,&quot;url&quot;:&quot;http:\\\/\\\/mecasky.fr\\\/wp-content\\\/uploads\\\/2022\\\/12\\\/IMG_20221208_113555-scaled.jpg&quot;},{&quot;id&quot;:489,&quot;url&quot;:&quot;http:\\\/\\\/mecasky.fr\\\/wp-content\\\/uploads\\\/2022\\\/12\\\/IMG_20221208_113531-scaled.jpg&quot;},{&quot;id&quot;:486,&quot;url&quot;:&quot;http:\\\/\\\/mecasky.fr\\\/wp-content\\\/uploads\\\/2022\\\/12\\\/IMG_20221208_113605-scaled.jpg&quot;},{&quot;id&quot;:485,&quot;url&quot;:&quot;http:\\\/\\\/mecasky.fr\\\/wp-content\\\/uploads\\\/2022\\\/12\\\/IMG_20221208_113617-scaled.jpg&quot;},{&quot;id&quot;:484,&quot;url&quot;:&quot;http:\\\/\\\/mecasky.fr\\\/wp-content\\\/uploads\\\/2022\\\/12\\\/IMG_20221208_113627-scaled.jpg&quot;},{&quot;id&quot;:483,&quot;url&quot;:&quot;http:\\\/\\\/mecasky.fr\\\/wp-content\\\/uploads\\\/2022\\\/12\\\/IMG_20221208_135849-scaled.jpg&quot;},{&quot;id&quot;:482,&quot;url&quot;:&quot;http:\\\/\\\/mecasky.fr\\\/wp-content\\\/uploads\\\/2022\\\/12\\\/IMG_20221208_135858-scaled.jpg&quot;},{&quot;id&quot;:493,&quot;url&quot;:&quot;http:\\\/\\\/mecasky.fr\\\/wp-content\\\/uploads\\\/2022\\\/12\\\/IMG_20221208_113335-scaled.jpg&quot;},{&quot;id&quot;:492,&quot;url&quot;:&quot;http:\\\/\\\/mecasky.fr\\\/wp-content\\\/uploads\\\/2022\\\/12\\\/IMG_20221208_113347-scaled.jpg&quot;},{&quot;id&quot;:491,&quot;url&quot;:&quot;http:\\\/\\\/mecasky.fr\\\/wp-content\\\/uploads\\\/2022\\\/12\\\/IMG_20221208_113439-scaled.jpg&quot;},{&quot;id&quot;:490,&quot;url&quot;:&quot;http:\\\/\\\/mecasky.fr\\\/wp-content\\\/uploads\\\/2022\\\/12\\\/IMG_20221208_113456-scaled.jpg&quot;},{&quot;id&quot;:481,&quot;url&quot;:&quot;http:\\\/\\\/mecasky.fr\\\/wp-content\\\/uploads\\\/2022\\\/12\\\/IMG_20211007_112740-scaled.jpg&quot;},{&quot;id&quot;:479,&quot;url&quot;:&quot;http:\\\/\\\/mecasky.fr\\\/wp-content\\\/uploads\\\/2022\\\/12\\\/IMG_20211008_104957-scaled.jpg&quot;}],&quot;animation&quot;:&quot;fadeIn&quot;,&quot;background_slideshow_loop&quot;:&quot;yes&quot;,&quot;background_slideshow_slide_duration&quot;:5000,&quot;background_slideshow_slide_transition&quot;:&quot;fade&quot;,&quot;background_slideshow_transition_duration&quot;:500}\">\n\t\t\t<div class=\"elementor-column-wrap\">\n\t\t\t\t\t\t\t<div class=\"elementor-widget-wrap\">\n\t\t\t\t\t\t\t\t<\/div>\n\t\t\t\t\t<\/div>\n\t\t<\/div>\n\t\t\t\t\t\t\t\t<\/div>\n\t\t\t\t\t<\/div>\n\t\t<\/section>\n\t\t\t\t<section class=\"elementor-section elementor-inner-section elementor-element elementor-element-2f0b52d elementor-section-boxed elementor-section-height-default elementor-section-height-default\" data-id=\"2f0b52d\" data-element_type=\"section\">\n\t\t\t\t\t\t<div class=\"elementor-container elementor-column-gap-default\">\n\t\t\t\t\t\t\t<div class=\"elementor-row\">\n\t\t\t\t\t<div class=\"elementor-column elementor-col-50 elementor-inner-column elementor-element elementor-element-a84ee16\" data-id=\"a84ee16\" data-element_type=\"column\">\n\t\t\t<div class=\"elementor-column-wrap elementor-element-populated\">\n\t\t\t\t\t\t\t<div class=\"elementor-widget-wrap\">\n\t\t\t\t\t\t<div class=\"elementor-element elementor-element-a4278a4 elementor-widget elementor-widget-text-editor\" data-id=\"a4278a4\" data-element_type=\"widget\" data-widget_type=\"text-editor.default\">\n\t\t\t\t<div class=\"elementor-widget-container\">\n\t\t\t\t\t\t\t\t<div class=\"elementor-text-editor elementor-clearfix\">\n\t\t\t\t<p>AIRFRAME AND POWERPLANT<br \/>\u2022\u00a0\u00a0\u00a0 TCM IO-550-N, Engine 310 HP<br \/>\u2022\u00a0\u00a0\u00a0 6-point Engine Mount<br \/>\u2022\u00a0\u00a0\u00a0 Airframe Parachute System (CAPS) : Septembre 2025<br \/>\u2022\u00a0\u00a0\u00a0 Hartzell 3-Blade Propeller (black)<br \/>\u2022\u00a0\u00a0\u00a0 Polished Spinner<br \/>\u2022\u00a0\u00a0\u00a0 TKS-based Ice Protection<br \/>\u2022\u00a0\u00a0\u00a0 Airbag Seatbelts (front)<br \/>\u2022\u00a0\u00a0\u00a0 VP Annuel \/ 100h done 30 Novembre 2022<br \/>\u2022\u00a0\u00a0\u00a0 ARC (CEN) : 28 Mars 2023<\/p><p>OTHER<br \/>\u2022\u00a0\u00a0 \u00a0Exterior: White with original striping<br \/>\u2022\u00a0\u00a0 \u00a0Interior: Black leather<br \/>\u2022\u00a0\u00a0 \u00a0Sunvisors<br \/>\u2022\u00a0\u00a0 \u00a0Airwolf oil seperator<br \/>\u2022\u00a0\u00a0 \u00a0BERINGER Brake system<br \/>\u2022\u00a0\u00a0 \u00a0Magnetos New x2 done 60H<br \/>\u2022\u00a0\u00a0 \u00a0Engine shock-Load inspection done 60H<\/p>\t\t\t\t\t<\/div>\n\t\t\t\t\t\t<\/div>\n\t\t\t\t<\/div>\n\t\t\t\t\t\t<\/div>\n\t\t\t\t\t<\/div>\n\t\t<\/div>\n\t\t\t\t<div class=\"elementor-column elementor-col-50 elementor-inner-column elementor-element elementor-element-2f56d5d\" data-id=\"2f56d5d\" data-element_type=\"column\">\n\t\t\t<div class=\"elementor-column-wrap elementor-element-populated\">\n\t\t\t\t\t\t\t<div class=\"elementor-widget-wrap\">\n\t\t\t\t\t\t<div class=\"elementor-element elementor-element-442df8a elementor-widget elementor-widget-text-editor\" data-id=\"442df8a\" data-element_type=\"widget\" data-widget_type=\"text-editor.default\">\n\t\t\t\t<div class=\"elementor-widget-container\">\n\t\t\t\t\t\t\t\t<div class=\"elementor-text-editor elementor-clearfix\">\n\t\t\t\t<p>\u00a0<\/p><p>\u00a0<\/p><p>AVIONICS<br \/>\u2022\u00a0\u00a0 \u00a0Avidyne Entegra Primary Flight Display (PFD)<br \/>\u2022\u00a0\u00a0 \u00a0Avidyne EX5000C Multi-Function Display (MFD)<br \/>\u2022\u00a0\u00a0 \u00a0GMA 340 Audio Panel<br \/>\u2022\u00a0\u00a0 \u00a02x Garmin GNS 430 GPS\/NAV\/COM<br \/>\u2022\u00a0\u00a0 \u00a0DFC90 Digital Autopilot<br \/>\u2022\u00a0\u00a0 \u00a0Engine Monitoring (EMAX)<br \/>\u2022\u00a0\u00a0 \u00a0Charts (CMAX)<br \/>\u2022\u00a0\u00a0 \u00a0Garmin GTX 330 Mode-S Transponder<\/p>\t\t\t\t\t<\/div>\n\t\t\t\t\t\t<\/div>\n\t\t\t\t<\/div>\n\t\t\t\t\t\t<\/div>\n\t\t\t\t\t<\/div>\n\t\t<\/div>\n\t\t\t\t\t\t\t\t<\/div>\n\t\t\t\t\t<\/div>\n\t\t<\/section>\n\t\t\t\t<div class=\"elementor-element elementor-element-9d2f224 elementor-widget elementor-widget-spacer\" data-id=\"9d2f224\" data-element_type=\"widget\" data-widget_type=\"spacer.default\">\n\t\t\t\t<div class=\"elementor-widget-container\">\n\t\t\t\t\t<div class=\"elementor-spacer\">\n\t\t\t<div class=\"elementor-spacer-inner\"><\/div>\n\t\t<\/div>\n\t\t\t\t<\/div>\n\t\t\t\t<\/div>\n\t\t\t\t<div class=\"elementor-element elementor-element-e900d5b elementor-widget elementor-widget-spacer\" data-id=\"e900d5b\" data-element_type=\"widget\" data-widget_type=\"spacer.default\">\n\t\t\t\t<div class=\"elementor-widget-container\">\n\t\t\t\t\t<div class=\"elementor-spacer\">\n\t\t\t<div class=\"elementor-spacer-inner\"><\/div>\n\t\t<\/div>\n\t\t\t\t<\/div>\n\t\t\t\t<\/div>\n\t\t\t\t\t\t<\/div>\n\t\t\t\t\t<\/div>\n\t\t<\/div>\n\t\t\t\t\t\t\t\t<\/div>\n\t\t\t\t\t<\/div>\n\t\t<\/section>\n\t\t\t\t<section class=\"elementor-section elementor-top-section elementor-element elementor-element-f95e393 elementor-section-boxed elementor-section-height-default elementor-section-height-default\" data-id=\"f95e393\" data-element_type=\"section\" data-settings=\"{&quot;background_background&quot;:&quot;classic&quot;}\">\n\t\t\t\t\t\t\t<div class=\"elementor-background-overlay\"><\/div>\n\t\t\t\t\t\t\t<div class=\"elementor-container elementor-column-gap-default\">\n\t\t\t\t\t\t\t<div class=\"elementor-row\">\n\t\t\t\t\t<div class=\"elementor-column elementor-col-33 elementor-top-column elementor-element elementor-element-5b7cd35\" data-id=\"5b7cd35\" data-element_type=\"column\">\n\t\t\t<div class=\"elementor-column-wrap elementor-element-populated\">\n\t\t\t\t\t\t\t<div class=\"elementor-widget-wrap\">\n\t\t\t\t\t\t<div class=\"elementor-element elementor-element-fbaadb1 elementor-widget elementor-widget-text-editor\" data-id=\"fbaadb1\" data-element_type=\"widget\" data-widget_type=\"text-editor.default\">\n\t\t\t\t<div class=\"elementor-widget-container\">\n\t\t\t\t\t\t\t\t<div class=\"elementor-text-editor elementor-clearfix\">\n\t\t\t\t<p>MecaSky<\/p><p>A\u00e9rodrome de Villefranche-Tarare <a style=\"color: white; text-decoration: underline;\" href=\"https:\/\/www.sia.aviation-civile.gouv.fr\/dvd\/eAIP_05_NOV_2020\/Atlas-VAC\/PDF_AIPparSSection\/VAC\/AD\/AD-2.LFHV.pdf\">LFHV<\/a><br \/>494 Avenue Odette et Edouard Durant<br \/>69620 FRONTENAS<\/p>\t\t\t\t\t<\/div>\n\t\t\t\t\t\t<\/div>\n\t\t\t\t<\/div>\n\t\t\t\t\t\t<\/div>\n\t\t\t\t\t<\/div>\n\t\t<\/div>\n\t\t\t\t<div class=\"elementor-column elementor-col-33 elementor-top-column elementor-element elementor-element-eee46bc\" data-id=\"eee46bc\" data-element_type=\"column\">\n\t\t\t<div class=\"elementor-column-wrap elementor-element-populated\">\n\t\t\t\t\t\t\t<div class=\"elementor-widget-wrap\">\n\t\t\t\t\t\t<div class=\"elementor-element elementor-element-82fa4de elementor-widget elementor-widget-text-editor\" data-id=\"82fa4de\" data-element_type=\"widget\" data-widget_type=\"text-editor.default\">\n\t\t\t\t<div class=\"elementor-widget-container\">\n\t\t\t\t\t\t\t\t<div class=\"elementor-text-editor elementor-clearfix\">\n\t\t\t\t<p>Suivez nous sur :<\/p>\t\t\t\t\t<\/div>\n\t\t\t\t\t\t<\/div>\n\t\t\t\t<\/div>\n\t\t\t\t<section class=\"elementor-section elementor-inner-section elementor-element elementor-element-a857546 elementor-section-height-min-height elementor-section-boxed elementor-section-height-default\" data-id=\"a857546\" data-element_type=\"section\">\n\t\t\t\t\t\t<div class=\"elementor-container elementor-column-gap-default\">\n\t\t\t\t\t\t\t<div class=\"elementor-row\">\n\t\t\t\t\t<div class=\"elementor-column elementor-col-25 elementor-inner-column elementor-element elementor-element-228ec29\" data-id=\"228ec29\" data-element_type=\"column\">\n\t\t\t<div class=\"elementor-column-wrap elementor-element-populated\">\n\t\t\t\t\t\t\t<div class=\"elementor-widget-wrap\">\n\t\t\t\t\t\t<div class=\"elementor-element elementor-element-8a58e69 elementor-widget elementor-widget-image\" data-id=\"8a58e69\" data-element_type=\"widget\" data-widget_type=\"image.default\">\n\t\t\t\t<div class=\"elementor-widget-container\">\n\t\t\t\t\t\t\t\t<div class=\"elementor-image\">\n\t\t\t\t\t\t\t\t\t\t\t\t\t<a href=\"https:\/\/www.facebook.com\/MecaSky-342008399858018\/\">\n\t\t\t\t\t\t\t<img width=\"85\" height=\"85\" src=\"https:\/\/mecasky.fr\/wp-content\/uploads\/2020\/10\/vide-85.png\" class=\"attachment-thumbnail size-thumbnail wp-image-209\" alt=\"\" loading=\"lazy\" \/>\t\t\t\t\t\t\t\t<\/a>\n\t\t\t\t\t\t\t\t\t\t\t\t\t\t<\/div>\n\t\t\t\t\t\t<\/div>\n\t\t\t\t<\/div>\n\t\t\t\t\t\t<\/div>\n\t\t\t\t\t<\/div>\n\t\t<\/div>\n\t\t\t\t<div class=\"elementor-column elementor-col-25 elementor-inner-column elementor-element elementor-element-b21a7f3\" data-id=\"b21a7f3\" data-element_type=\"column\">\n\t\t\t<div class=\"elementor-column-wrap elementor-element-populated\">\n\t\t\t\t\t\t\t<div class=\"elementor-widget-wrap\">\n\t\t\t\t\t\t<div class=\"elementor-element elementor-element-3d54940 elementor-widget elementor-widget-image\" data-id=\"3d54940\" data-element_type=\"widget\" data-widget_type=\"image.default\">\n\t\t\t\t<div class=\"elementor-widget-container\">\n\t\t\t\t\t\t\t\t<div class=\"elementor-image\">\n\t\t\t\t\t\t\t\t\t\t\t\t\t<a href=\"https:\/\/www.facebook.com\/MecaSky-342008399858018\/\" target=\"_blank\">\n\t\t\t\t\t\t\t<img width=\"85\" height=\"85\" src=\"https:\/\/mecasky.fr\/wp-content\/uploads\/2020\/10\/logo-fb-85.jpg\" class=\"attachment-thumbnail size-thumbnail wp-image-187\" alt=\"\" loading=\"lazy\" \/>\t\t\t\t\t\t\t\t<\/a>\n\t\t\t\t\t\t\t\t\t\t\t\t\t\t<\/div>\n\t\t\t\t\t\t<\/div>\n\t\t\t\t<\/div>\n\t\t\t\t\t\t<\/div>\n\t\t\t\t\t<\/div>\n\t\t<\/div>\n\t\t\t\t<div class=\"elementor-column elementor-col-25 elementor-inner-column elementor-element elementor-element-e4e9272\" data-id=\"e4e9272\" data-element_type=\"column\">\n\t\t\t<div class=\"elementor-column-wrap elementor-element-populated\">\n\t\t\t\t\t\t\t<div class=\"elementor-widget-wrap\">\n\t\t\t\t\t\t<div class=\"elementor-element elementor-element-abe39b8 elementor-widget elementor-widget-image\" data-id=\"abe39b8\" data-element_type=\"widget\" data-widget_type=\"image.default\">\n\t\t\t\t<div class=\"elementor-widget-container\">\n\t\t\t\t\t\t\t\t<div class=\"elementor-image\">\n\t\t\t\t\t\t\t\t\t\t\t\t\t<a href=\"https:\/\/instagram.com\/mecasky?igshid=nxywu85wdvme\" target=\"_blank\">\n\t\t\t\t\t\t\t<img width=\"85\" height=\"85\" src=\"https:\/\/mecasky.fr\/wp-content\/uploads\/2020\/10\/logo-insta-85-2.jpg\" class=\"attachment-thumbnail size-thumbnail wp-image-191\" alt=\"\" loading=\"lazy\" \/>\t\t\t\t\t\t\t\t<\/a>\n\t\t\t\t\t\t\t\t\t\t\t\t\t\t<\/div>\n\t\t\t\t\t\t<\/div>\n\t\t\t\t<\/div>\n\t\t\t\t\t\t<\/div>\n\t\t\t\t\t<\/div>\n\t\t<\/div>\n\t\t\t\t<div class=\"elementor-column elementor-col-25 elementor-inner-column elementor-element elementor-element-5b2daf6\" data-id=\"5b2daf6\" data-element_type=\"column\">\n\t\t\t<div class=\"elementor-column-wrap elementor-element-populated\">\n\t\t\t\t\t\t\t<div class=\"elementor-widget-wrap\">\n\t\t\t\t\t\t<div class=\"elementor-element elementor-element-f4869cd elementor-widget elementor-widget-image\" data-id=\"f4869cd\" data-element_type=\"widget\" data-widget_type=\"image.default\">\n\t\t\t\t<div class=\"elementor-widget-container\">\n\t\t\t\t\t\t\t\t<div class=\"elementor-image\">\n\t\t\t\t\t\t\t\t\t\t\t\t\t<a href=\"https:\/\/instagram.com\/laurentmaximeaero?igshid=bksl23itixee\">\n\t\t\t\t\t\t\t<img width=\"85\" height=\"85\" src=\"https:\/\/mecasky.fr\/wp-content\/uploads\/2020\/10\/vide-85.png\" class=\"attachment-thumbnail size-thumbnail wp-image-209\" alt=\"\" loading=\"lazy\" \/>\t\t\t\t\t\t\t\t<\/a>\n\t\t\t\t\t\t\t\t\t\t\t\t\t\t<\/div>\n\t\t\t\t\t\t<\/div>\n\t\t\t\t<\/div>\n\t\t\t\t\t\t<\/div>\n\t\t\t\t\t<\/div>\n\t\t<\/div>\n\t\t\t\t\t\t\t\t<\/div>\n\t\t\t\t\t<\/div>\n\t\t<\/section>\n\t\t\t\t\t\t<\/div>\n\t\t\t\t\t<\/div>\n\t\t<\/div>\n\t\t\t\t<div class=\"elementor-column elementor-col-33 elementor-top-column elementor-element elementor-element-0c19ffd\" data-id=\"0c19ffd\" data-element_type=\"column\">\n\t\t\t<div class=\"elementor-column-wrap elementor-element-populated\">\n\t\t\t\t\t\t\t<div class=\"elementor-widget-wrap\">\n\t\t\t\t\t\t<div class=\"elementor-element elementor-element-a4227ef elementor-widget elementor-widget-text-editor\" data-id=\"a4227ef\" data-element_type=\"widget\" data-widget_type=\"text-editor.default\">\n\t\t\t\t<div class=\"elementor-widget-container\">\n\t\t\t\t\t\t\t\t<div class=\"elementor-text-editor elementor-clearfix\">\n\t\t\t\t<p>Maxime LAURENT<\/p>\n<p>Tel: 06.28.66.46.44<br>Mail : maxime@mecasky.fr<\/p>\t\t\t\t\t<\/div>\n\t\t\t\t\t\t<\/div>\n\t\t\t\t<\/div>\n\t\t\t\t\t\t<\/div>\n\t\t\t\t\t<\/div>\n\t\t<\/div>\n\t\t\t\t\t\t\t\t<\/div>\n\t\t\t\t\t<\/div>\n\t\t<\/section>\n\t\t\t\t\t\t\t\t\t<\/div>\n\t\t\t<\/div>\n\t\t\t\t\t<\/div>\n\t\t","protected":false},"excerpt":{"rendered":"<p>Nous proposons d&rsquo;effectuer la visite avant achat, classification fran\u00e7aise en F-XXXX et autre. CIRRUS SR22 g\u00e9n\u00e9ration 2 \u00e0 vendre Avionics\u00a0\u00a0\u00a0 Avidyne EntegraYear\u00a0\u00a0\u00a0 2005 \/ AugustHours\u00a0\u00a0\u00a0 2191 HTT Cellule1179 HRG Engine (07\/2013)60 HTT Propeller (New)Tail no\u00a0\u00a0\u00a0 F-GZMSSerial\u00a0\u00a0\u00a0 1565 Price\u00a0\u00a0\u00a0 \u20ac 285.000<\/p>\n","protected":false},"author":1,"featured_media":0,"parent":63,"menu_order":0,"comment_status":"closed","ping_status":"closed","template":"","meta":[],"_links":{"self":[{"href":"https:\/\/mecasky.fr\/index.php\/wp-json\/wp\/v2\/pages\/47"}],"collection":[{"href":"https:\/\/mecasky.fr\/index.php\/wp-json\/wp\/v2\/pages"}],"about":[{"href":"https:\/\/mecasky.fr\/index.php\/wp-json\/wp\/v2\/types\/page"}],"author":[{"embeddable":true,"href":"https:\/\/mecasky.fr\/index.php\/wp-json\/wp\/v2\/users\/1"}],"replies":[{"embeddable":true,"href":"https:\/\/mecasky.fr\/index.php\/wp-json\/wp\/v2\/comments?post=47"}],"version-history":[{"count":87,"href":"https:\/\/mecasky.fr\/index.php\/wp-json\/wp\/v2\/pages\/47\/revisions"}],"predecessor-version":[{"id":559,"href":"https:\/\/mecasky.fr\/index.php\/wp-json\/wp\/v2\/pages\/47\/revisions\/559"}],"up":[{"embeddable":true,"href":"https:\/\/mecasky.fr\/index.php\/wp-json\/wp\/v2\/pages\/63"}],"wp:attachment":[{"href":"https:\/\/mecasky.fr\/index.php\/wp-json\/wp\/v2\/media?parent=47"}],"curies":[{"name":"wp","href":"https:\/\/api.w.org\/{rel}","templated":true}]}}