{"id":43,"date":"2020-09-27T20:32:15","date_gmt":"2020-09-27T18:32:15","guid":{"rendered":"http:\/\/mecasky.fr\/?page_id=43"},"modified":"2024-10-22T14:21:45","modified_gmt":"2024-10-22T12:21:45","slug":"contact","status":"publish","type":"page","link":"https:\/\/mecasky.fr\/index.php\/accueil\/contact\/","title":{"rendered":"Contact"},"content":{"rendered":"\t\t<div data-elementor-type=\"wp-page\" data-elementor-id=\"43\" class=\"elementor elementor-43\">\n\t\t\t\t\t\t<div class=\"elementor-inner\">\n\t\t\t\t<div class=\"elementor-section-wrap\">\n\t\t\t\t\t\t\t\t\t<section class=\"elementor-section elementor-top-section elementor-element elementor-element-5763c19 elementor-section-boxed elementor-section-height-default elementor-section-height-default\" data-id=\"5763c19\" data-element_type=\"section\">\n\t\t\t\t\t\t<div class=\"elementor-container elementor-column-gap-default\">\n\t\t\t\t\t\t\t<div class=\"elementor-row\">\n\t\t\t\t\t<div class=\"elementor-column elementor-col-100 elementor-top-column elementor-element elementor-element-128359a\" data-id=\"128359a\" data-element_type=\"column\">\n\t\t\t<div class=\"elementor-column-wrap elementor-element-populated\">\n\t\t\t\t\t\t\t<div class=\"elementor-widget-wrap\">\n\t\t\t\t\t\t<section class=\"elementor-section elementor-inner-section elementor-element elementor-element-2571575 elementor-section-boxed elementor-section-height-default elementor-section-height-default\" data-id=\"2571575\" data-element_type=\"section\">\n\t\t\t\t\t\t<div class=\"elementor-container elementor-column-gap-default\">\n\t\t\t\t\t\t\t<div class=\"elementor-row\">\n\t\t\t\t\t<div class=\"elementor-column elementor-col-50 elementor-inner-column elementor-element elementor-element-4a0ca04\" data-id=\"4a0ca04\" data-element_type=\"column\">\n\t\t\t<div class=\"elementor-column-wrap elementor-element-populated\">\n\t\t\t\t\t\t\t<div class=\"elementor-widget-wrap\">\n\t\t\t\t\t\t<div class=\"elementor-element elementor-element-76db2ec elementor-widget elementor-widget-text-editor\" data-id=\"76db2ec\" data-element_type=\"widget\" data-widget_type=\"text-editor.default\">\n\t\t\t\t<div class=\"elementor-widget-container\">\n\t\t\t\t\t\t\t\t<div class=\"elementor-text-editor elementor-clearfix\">\n\t\t\t\t<p><b>Maxime <\/b>: G\u00e9rant, Responsable d\u2019Atelier, Gestion d\u2019organisation, Technicien et PEN<\/p><ul><li>12 ans d\u2019exp\u00e9rience dans la maintenance a\u00e9ronautique certifi\u00e9e<\/li><li>MECASKY depuis Mai 2020<\/li><li>Avnir Aviation Maintenance (aviation g\u00e9n\u00e9ral)<\/li><li>AMC (aviation g\u00e9n\u00e9ral)<\/li><li>Bretagne A\u00e9ro (aviation g\u00e9n\u00e9ral et turbine)<\/li><li>Gemilis A\u00e9ro (aviation l\u00e9g\u00e8re)<\/li><\/ul>\t\t\t\t\t<\/div>\n\t\t\t\t\t\t<\/div>\n\t\t\t\t<\/div>\n\t\t\t\t\t\t<\/div>\n\t\t\t\t\t<\/div>\n\t\t<\/div>\n\t\t\t\t<div class=\"elementor-column elementor-col-50 elementor-inner-column elementor-element elementor-element-0a1c536\" data-id=\"0a1c536\" data-element_type=\"column\">\n\t\t\t<div class=\"elementor-column-wrap elementor-element-populated\">\n\t\t\t\t\t\t\t<div class=\"elementor-widget-wrap\">\n\t\t\t\t\t\t<div class=\"elementor-element elementor-element-f6cd1da elementor-widget elementor-widget-text-editor\" data-id=\"f6cd1da\" data-element_type=\"widget\" data-widget_type=\"text-editor.default\">\n\t\t\t\t<div class=\"elementor-widget-container\">\n\t\t\t\t\t\t\t\t<div class=\"elementor-text-editor elementor-clearfix\">\n\t\t\t\t<p><b>Ma\u00ebl <\/b>: Technicien<\/p><ul><li>12 ans d\u2019exp\u00e9rience dans la maintenance a\u00e9ronautique certifi\u00e9e<\/li><li>MECASKY depuis Mars 2022<\/li><li>Avnir Aviation Maintenance (aviation g\u00e9n\u00e9ral)<\/li><li>AMC (aviation g\u00e9n\u00e9ral)<\/li><li>Bretagne A\u00e9ro (aviation g\u00e9n\u00e9ral et turbine)<\/li><li>ARS Dijon (aviation de collection)<\/li><\/ul>\t\t\t\t\t<\/div>\n\t\t\t\t\t\t<\/div>\n\t\t\t\t<\/div>\n\t\t\t\t\t\t<\/div>\n\t\t\t\t\t<\/div>\n\t\t<\/div>\n\t\t\t\t\t\t\t\t<\/div>\n\t\t\t\t\t<\/div>\n\t\t<\/section>\n\t\t\t\t<div class=\"elementor-element elementor-element-2b1f881 elementor-widget elementor-widget-google_maps\" data-id=\"2b1f881\" data-element_type=\"widget\" data-widget_type=\"google_maps.default\">\n\t\t\t\t<div class=\"elementor-widget-container\">\n\t\t\t\t\t<div class=\"elementor-custom-embed\">\n\t\t\t<iframe loading=\"lazy\"\n\t\t\t\t\tsrc=\"https:\/\/maps.google.com\/maps?q=aeroport%20villefranche%20tarare&#038;t=m&#038;z=8&#038;output=embed&#038;iwloc=near\"\n\t\t\t\t\ttitle=\"aeroport villefranche tarare\"\n\t\t\t\t\taria-label=\"aeroport villefranche tarare\"\n\t\t\t><\/iframe>\n\t\t<\/div>\n\t\t\t\t<\/div>\n\t\t\t\t<\/div>\n\t\t\t\t<section class=\"elementor-section elementor-inner-section elementor-element elementor-element-0464365 elementor-section-boxed elementor-section-height-default elementor-section-height-default\" data-id=\"0464365\" data-element_type=\"section\">\n\t\t\t\t\t\t<div class=\"elementor-container elementor-column-gap-default\">\n\t\t\t\t\t\t\t<div class=\"elementor-row\">\n\t\t\t\t\t<div class=\"elementor-column elementor-col-50 elementor-inner-column elementor-element elementor-element-a62e1e8\" data-id=\"a62e1e8\" data-element_type=\"column\">\n\t\t\t<div class=\"elementor-column-wrap elementor-element-populated\">\n\t\t\t\t\t\t\t<div class=\"elementor-widget-wrap\">\n\t\t\t\t\t\t<div class=\"elementor-element elementor-element-6ab7449 elementor-widget elementor-widget-text-editor\" data-id=\"6ab7449\" data-element_type=\"widget\" data-widget_type=\"text-editor.default\">\n\t\t\t\t<div class=\"elementor-widget-container\">\n\t\t\t\t\t\t\t\t<div class=\"elementor-text-editor elementor-clearfix\">\n\t\t\t\t<p>Acc\u00e8s direct par la D338 et par le taxiway LFHV<\/p>\t\t\t\t\t<\/div>\n\t\t\t\t\t\t<\/div>\n\t\t\t\t<\/div>\n\t\t\t\t\t\t<\/div>\n\t\t\t\t\t<\/div>\n\t\t<\/div>\n\t\t\t\t<div class=\"elementor-column elementor-col-50 elementor-inner-column elementor-element elementor-element-07c2de3\" data-id=\"07c2de3\" data-element_type=\"column\">\n\t\t\t<div class=\"elementor-column-wrap elementor-element-populated\">\n\t\t\t\t\t\t\t<div class=\"elementor-widget-wrap\">\n\t\t\t\t\t\t<div class=\"elementor-element elementor-element-6185261 elementor-widget elementor-widget-image\" data-id=\"6185261\" data-element_type=\"widget\" data-widget_type=\"image.default\">\n\t\t\t\t<div class=\"elementor-widget-container\">\n\t\t\t\t\t\t\t\t<div class=\"elementor-image\">\n\t\t\t\t\t\t\t\t\t\t\t\t<img width=\"750\" height=\"335\" src=\"https:\/\/mecasky.fr\/wp-content\/uploads\/2023\/01\/plan-acces-1024x458.jpg\" class=\"attachment-large size-large wp-image-513\" alt=\"\" loading=\"lazy\" srcset=\"https:\/\/mecasky.fr\/wp-content\/uploads\/2023\/01\/plan-acces-1024x458.jpg 1024w, https:\/\/mecasky.fr\/wp-content\/uploads\/2023\/01\/plan-acces-300x134.jpg 300w, https:\/\/mecasky.fr\/wp-content\/uploads\/2023\/01\/plan-acces-768x344.jpg 768w, https:\/\/mecasky.fr\/wp-content\/uploads\/2023\/01\/plan-acces-1536x687.jpg 1536w, https:\/\/mecasky.fr\/wp-content\/uploads\/2023\/01\/plan-acces.jpg 1973w\" sizes=\"(max-width: 750px) 100vw, 750px\" \/>\t\t\t\t\t\t\t\t\t\t\t\t\t\t<\/div>\n\t\t\t\t\t\t<\/div>\n\t\t\t\t<\/div>\n\t\t\t\t\t\t<\/div>\n\t\t\t\t\t<\/div>\n\t\t<\/div>\n\t\t\t\t\t\t\t\t<\/div>\n\t\t\t\t\t<\/div>\n\t\t<\/section>\n\t\t\t\t\t\t<\/div>\n\t\t\t\t\t<\/div>\n\t\t<\/div>\n\t\t\t\t\t\t\t\t<\/div>\n\t\t\t\t\t<\/div>\n\t\t<\/section>\n\t\t\t\t<section class=\"elementor-section elementor-top-section elementor-element elementor-element-1db9be6 elementor-section-boxed elementor-section-height-default elementor-section-height-default\" data-id=\"1db9be6\" data-element_type=\"section\" data-settings=\"{&quot;background_background&quot;:&quot;classic&quot;}\">\n\t\t\t\t\t\t\t<div class=\"elementor-background-overlay\"><\/div>\n\t\t\t\t\t\t\t<div class=\"elementor-container elementor-column-gap-default\">\n\t\t\t\t\t\t\t<div class=\"elementor-row\">\n\t\t\t\t\t<div class=\"elementor-column elementor-col-33 elementor-top-column elementor-element elementor-element-b33f8db\" data-id=\"b33f8db\" data-element_type=\"column\">\n\t\t\t<div class=\"elementor-column-wrap elementor-element-populated\">\n\t\t\t\t\t\t\t<div class=\"elementor-widget-wrap\">\n\t\t\t\t\t\t<div class=\"elementor-element elementor-element-cb2c943 elementor-widget elementor-widget-text-editor\" data-id=\"cb2c943\" data-element_type=\"widget\" data-widget_type=\"text-editor.default\">\n\t\t\t\t<div class=\"elementor-widget-container\">\n\t\t\t\t\t\t\t\t<div class=\"elementor-text-editor elementor-clearfix\">\n\t\t\t\t<p>MecaSky<\/p>\n<p>A\u00e9rodrome de Villefranche-Tarare <a style=\"color: white; text-decoration: underline;\" href=\"https:\/\/www.sia.aviation-civile.gouv.fr\/dvd\/eAIP_05_NOV_2020\/Atlas-VAC\/PDF_AIPparSSection\/VAC\/AD\/AD-2.LFHV.pdf\">LFHV<\/a><br>63 Avenue Odette et Edouard Durant<br>69620 FRONTENAS<\/p>\t\t\t\t\t<\/div>\n\t\t\t\t\t\t<\/div>\n\t\t\t\t<\/div>\n\t\t\t\t\t\t<\/div>\n\t\t\t\t\t<\/div>\n\t\t<\/div>\n\t\t\t\t<div class=\"elementor-column elementor-col-33 elementor-top-column elementor-element elementor-element-f5be576\" data-id=\"f5be576\" data-element_type=\"column\">\n\t\t\t<div class=\"elementor-column-wrap elementor-element-populated\">\n\t\t\t\t\t\t\t<div class=\"elementor-widget-wrap\">\n\t\t\t\t\t\t<div class=\"elementor-element elementor-element-35e4dda elementor-widget elementor-widget-text-editor\" data-id=\"35e4dda\" data-element_type=\"widget\" data-widget_type=\"text-editor.default\">\n\t\t\t\t<div class=\"elementor-widget-container\">\n\t\t\t\t\t\t\t\t<div class=\"elementor-text-editor elementor-clearfix\">\n\t\t\t\t<p>Suivez nous sur :<\/p>\t\t\t\t\t<\/div>\n\t\t\t\t\t\t<\/div>\n\t\t\t\t<\/div>\n\t\t\t\t<section class=\"elementor-section elementor-inner-section elementor-element elementor-element-e7b2e8f elementor-section-height-min-height elementor-section-boxed elementor-section-height-default\" data-id=\"e7b2e8f\" data-element_type=\"section\">\n\t\t\t\t\t\t<div class=\"elementor-container elementor-column-gap-default\">\n\t\t\t\t\t\t\t<div class=\"elementor-row\">\n\t\t\t\t\t<div class=\"elementor-column elementor-col-25 elementor-inner-column elementor-element elementor-element-8fa46a6\" data-id=\"8fa46a6\" data-element_type=\"column\">\n\t\t\t<div class=\"elementor-column-wrap elementor-element-populated\">\n\t\t\t\t\t\t\t<div class=\"elementor-widget-wrap\">\n\t\t\t\t\t\t<div class=\"elementor-element elementor-element-2b05867 elementor-widget elementor-widget-image\" data-id=\"2b05867\" data-element_type=\"widget\" data-widget_type=\"image.default\">\n\t\t\t\t<div class=\"elementor-widget-container\">\n\t\t\t\t\t\t\t\t<div class=\"elementor-image\">\n\t\t\t\t\t\t\t\t\t\t\t\t\t<a href=\"https:\/\/www.facebook.com\/MecaSky-342008399858018\/\">\n\t\t\t\t\t\t\t<img width=\"85\" height=\"85\" src=\"https:\/\/mecasky.fr\/wp-content\/uploads\/2020\/10\/vide-85.png\" class=\"attachment-thumbnail size-thumbnail wp-image-209\" alt=\"\" loading=\"lazy\" \/>\t\t\t\t\t\t\t\t<\/a>\n\t\t\t\t\t\t\t\t\t\t\t\t\t\t<\/div>\n\t\t\t\t\t\t<\/div>\n\t\t\t\t<\/div>\n\t\t\t\t\t\t<\/div>\n\t\t\t\t\t<\/div>\n\t\t<\/div>\n\t\t\t\t<div class=\"elementor-column elementor-col-25 elementor-inner-column elementor-element elementor-element-cf29a3d\" data-id=\"cf29a3d\" data-element_type=\"column\">\n\t\t\t<div class=\"elementor-column-wrap elementor-element-populated\">\n\t\t\t\t\t\t\t<div class=\"elementor-widget-wrap\">\n\t\t\t\t\t\t<div class=\"elementor-element elementor-element-68dcb1d elementor-widget elementor-widget-image\" data-id=\"68dcb1d\" data-element_type=\"widget\" data-widget_type=\"image.default\">\n\t\t\t\t<div class=\"elementor-widget-container\">\n\t\t\t\t\t\t\t\t<div class=\"elementor-image\">\n\t\t\t\t\t\t\t\t\t\t\t\t\t<a href=\"https:\/\/www.facebook.com\/MecaSky-342008399858018\/\" target=\"_blank\">\n\t\t\t\t\t\t\t<img width=\"85\" height=\"85\" src=\"https:\/\/mecasky.fr\/wp-content\/uploads\/2020\/10\/logo-fb-85.jpg\" class=\"attachment-thumbnail size-thumbnail wp-image-187\" alt=\"\" loading=\"lazy\" \/>\t\t\t\t\t\t\t\t<\/a>\n\t\t\t\t\t\t\t\t\t\t\t\t\t\t<\/div>\n\t\t\t\t\t\t<\/div>\n\t\t\t\t<\/div>\n\t\t\t\t\t\t<\/div>\n\t\t\t\t\t<\/div>\n\t\t<\/div>\n\t\t\t\t<div class=\"elementor-column elementor-col-25 elementor-inner-column elementor-element elementor-element-8c96d2a\" data-id=\"8c96d2a\" data-element_type=\"column\">\n\t\t\t<div class=\"elementor-column-wrap elementor-element-populated\">\n\t\t\t\t\t\t\t<div class=\"elementor-widget-wrap\">\n\t\t\t\t\t\t<div class=\"elementor-element elementor-element-11c7617 elementor-widget elementor-widget-image\" data-id=\"11c7617\" data-element_type=\"widget\" data-widget_type=\"image.default\">\n\t\t\t\t<div class=\"elementor-widget-container\">\n\t\t\t\t\t\t\t\t<div class=\"elementor-image\">\n\t\t\t\t\t\t\t\t\t\t\t\t\t<a href=\"https:\/\/instagram.com\/mecasky?igshid=nxywu85wdvme\" target=\"_blank\">\n\t\t\t\t\t\t\t<img width=\"85\" height=\"85\" src=\"https:\/\/mecasky.fr\/wp-content\/uploads\/2020\/10\/logo-insta-85-2.jpg\" class=\"attachment-thumbnail size-thumbnail wp-image-191\" alt=\"\" loading=\"lazy\" \/>\t\t\t\t\t\t\t\t<\/a>\n\t\t\t\t\t\t\t\t\t\t\t\t\t\t<\/div>\n\t\t\t\t\t\t<\/div>\n\t\t\t\t<\/div>\n\t\t\t\t\t\t<\/div>\n\t\t\t\t\t<\/div>\n\t\t<\/div>\n\t\t\t\t<div class=\"elementor-column elementor-col-25 elementor-inner-column elementor-element elementor-element-529b389\" data-id=\"529b389\" data-element_type=\"column\">\n\t\t\t<div class=\"elementor-column-wrap elementor-element-populated\">\n\t\t\t\t\t\t\t<div class=\"elementor-widget-wrap\">\n\t\t\t\t\t\t<div class=\"elementor-element elementor-element-05aad4c elementor-widget elementor-widget-image\" data-id=\"05aad4c\" data-element_type=\"widget\" data-widget_type=\"image.default\">\n\t\t\t\t<div class=\"elementor-widget-container\">\n\t\t\t\t\t\t\t\t<div class=\"elementor-image\">\n\t\t\t\t\t\t\t\t\t\t\t\t\t<a href=\"https:\/\/instagram.com\/laurentmaximeaero?igshid=bksl23itixee\">\n\t\t\t\t\t\t\t<img width=\"85\" height=\"85\" src=\"https:\/\/mecasky.fr\/wp-content\/uploads\/2020\/10\/vide-85.png\" class=\"attachment-thumbnail size-thumbnail wp-image-209\" alt=\"\" loading=\"lazy\" \/>\t\t\t\t\t\t\t\t<\/a>\n\t\t\t\t\t\t\t\t\t\t\t\t\t\t<\/div>\n\t\t\t\t\t\t<\/div>\n\t\t\t\t<\/div>\n\t\t\t\t\t\t<\/div>\n\t\t\t\t\t<\/div>\n\t\t<\/div>\n\t\t\t\t\t\t\t\t<\/div>\n\t\t\t\t\t<\/div>\n\t\t<\/section>\n\t\t\t\t\t\t<\/div>\n\t\t\t\t\t<\/div>\n\t\t<\/div>\n\t\t\t\t<div class=\"elementor-column elementor-col-33 elementor-top-column elementor-element elementor-element-6b8bf86\" data-id=\"6b8bf86\" data-element_type=\"column\">\n\t\t\t<div class=\"elementor-column-wrap elementor-element-populated\">\n\t\t\t\t\t\t\t<div class=\"elementor-widget-wrap\">\n\t\t\t\t\t\t<div class=\"elementor-element elementor-element-49e5353 elementor-widget elementor-widget-text-editor\" data-id=\"49e5353\" data-element_type=\"widget\" data-widget_type=\"text-editor.default\">\n\t\t\t\t<div class=\"elementor-widget-container\">\n\t\t\t\t\t\t\t\t<div class=\"elementor-text-editor elementor-clearfix\">\n\t\t\t\t<p>Maxime LAURENT<\/p><p>Tel: 06.28.66.46.44<br \/>Mail : maxime@mecasky.fr<\/p>\t\t\t\t\t<\/div>\n\t\t\t\t\t\t<\/div>\n\t\t\t\t<\/div>\n\t\t\t\t\t\t<\/div>\n\t\t\t\t\t<\/div>\n\t\t<\/div>\n\t\t\t\t\t\t\t\t<\/div>\n\t\t\t\t\t<\/div>\n\t\t<\/section>\n\t\t\t\t\t\t\t\t\t<\/div>\n\t\t\t<\/div>\n\t\t\t\t\t<\/div>\n\t\t","protected":false},"excerpt":{"rendered":"<p>Maxime : G\u00e9rant, Responsable d\u2019Atelier, Gestion d\u2019organisation, Technicien et PEN 12 ans d\u2019exp\u00e9rience dans la maintenance a\u00e9ronautique certifi\u00e9e MECASKY depuis Mai 2020 Avnir Aviation Maintenance (aviation g\u00e9n\u00e9ral) AMC (aviation g\u00e9n\u00e9ral) Bretagne A\u00e9ro (aviation g\u00e9n\u00e9ral et turbine) Gemilis A\u00e9ro (aviation l\u00e9g\u00e8re)<\/p>\n","protected":false},"author":1,"featured_media":0,"parent":63,"menu_order":0,"comment_status":"closed","ping_status":"closed","template":"","meta":[],"_links":{"self":[{"href":"https:\/\/mecasky.fr\/index.php\/wp-json\/wp\/v2\/pages\/43"}],"collection":[{"href":"https:\/\/mecasky.fr\/index.php\/wp-json\/wp\/v2\/pages"}],"about":[{"href":"https:\/\/mecasky.fr\/index.php\/wp-json\/wp\/v2\/types\/page"}],"author":[{"embeddable":true,"href":"https:\/\/mecasky.fr\/index.php\/wp-json\/wp\/v2\/users\/1"}],"replies":[{"embeddable":true,"href":"https:\/\/mecasky.fr\/index.php\/wp-json\/wp\/v2\/comments?post=43"}],"version-history":[{"count":40,"href":"https:\/\/mecasky.fr\/index.php\/wp-json\/wp\/v2\/pages\/43\/revisions"}],"predecessor-version":[{"id":583,"href":"https:\/\/mecasky.fr\/index.php\/wp-json\/wp\/v2\/pages\/43\/revisions\/583"}],"up":[{"embeddable":true,"href":"https:\/\/mecasky.fr\/index.php\/wp-json\/wp\/v2\/pages\/63"}],"wp:attachment":[{"href":"https:\/\/mecasky.fr\/index.php\/wp-json\/wp\/v2\/media?parent=43"}],"curies":[{"name":"wp","href":"https:\/\/api.w.org\/{rel}","templated":true}]}}